{"id":1478,"date":"2025-12-19T09:05:52","date_gmt":"2025-12-19T08:05:52","guid":{"rendered":"https:\/\/time-for-a-blog.com\/sobre-nos\/"},"modified":"2024-02-27T13:40:32","modified_gmt":"2024-02-27T12:40:32","slug":"sobre-nos","status":"publish","type":"page","link":"https:\/\/time-for-a-blog.com\/pt-pt\/sobre-nos\/","title":{"rendered":"Sobre n\u00f3s"},"content":{"rendered":"\n<p>Todas as semanas, a nossa equipa tenta publicar novos artigos interessantes em v\u00e1rias categorias.  <\/p>\n\n<p>Temos uma equipa multilingue, cada uma com a sua especializa\u00e7\u00e3o.<\/p>\n\n<p>Contacte-nos atrav\u00e9s do <a href=\"https:\/\/time-for-a-blog.com\/pt-pt\/contacto\/\">formul\u00e1rio de contacto<\/a> se tiver alguma quest\u00e3o sobre o nosso s\u00edtio Web ou se desejar anunciar ou juntar-se \u00e0 nossa equipa para escrever.<\/p>\n","protected":false},"excerpt":{"rendered":"<p>Todas as semanas, a nossa equipa tenta publicar novos artigos interessantes em v\u00e1rias categorias. Temos uma equipa multilingue, cada uma com a sua especializa\u00e7\u00e3o. Contacte-nos atrav\u00e9s do formul\u00e1rio de contacto se tiver alguma quest\u00e3o sobre o nosso s\u00edtio Web ou se desejar anunciar ou juntar-se \u00e0 nossa equipa para escrever.<\/p>\n","protected":false},"author":1,"featured_media":0,"parent":0,"menu_order":0,"comment_status":"closed","ping_status":"closed","template":"","meta":{"footnotes":""},"class_list":["post-1478","page","type-page","status-publish"],"_links":{"self":[{"href":"https:\/\/time-for-a-blog.com\/pt-pt\/wp-json\/wp\/v2\/pages\/1478","targetHints":{"allow":["GET"]}}],"collection":[{"href":"https:\/\/time-for-a-blog.com\/pt-pt\/wp-json\/wp\/v2\/pages"}],"about":[{"href":"https:\/\/time-for-a-blog.com\/pt-pt\/wp-json\/wp\/v2\/types\/page"}],"author":[{"embeddable":true,"href":"https:\/\/time-for-a-blog.com\/pt-pt\/wp-json\/wp\/v2\/users\/1"}],"replies":[{"embeddable":true,"href":"https:\/\/time-for-a-blog.com\/pt-pt\/wp-json\/wp\/v2\/comments?post=1478"}],"version-history":[{"count":1,"href":"https:\/\/time-for-a-blog.com\/pt-pt\/wp-json\/wp\/v2\/pages\/1478\/revisions"}],"predecessor-version":[{"id":7119,"href":"https:\/\/time-for-a-blog.com\/pt-pt\/wp-json\/wp\/v2\/pages\/1478\/revisions\/7119"}],"wp:attachment":[{"href":"https:\/\/time-for-a-blog.com\/pt-pt\/wp-json\/wp\/v2\/media?parent=1478"}],"curies":[{"name":"wp","href":"https:\/\/api.w.org\/{rel}","templated":true}]}}