{"id":1448,"date":"2025-12-19T09:11:24","date_gmt":"2025-12-19T08:11:24","guid":{"rendered":"https:\/\/time-for-a-blog.com\/dicas\/"},"modified":"2024-02-27T13:42:12","modified_gmt":"2024-02-27T12:42:12","slug":"dicas","status":"publish","type":"page","link":"https:\/\/time-for-a-blog.com\/pt-pt\/dicas\/","title":{"rendered":"Dicas"},"content":{"rendered":"\n<p>Aqui est\u00e3o algumas dicas interessantes sobre v\u00e1rios t\u00f3picos (actualizamos esta lista regularmente)<\/p>\n\n<ol class=\"wp-block-list\">\n<li><strong>Produtividade: defini\u00e7\u00e3o de prioridades<\/strong><br\/>Comece o seu dia fazendo uma lista das tarefas mais importantes que tem de realizar. Concentre-se primeiro nas tarefas de maior prioridade e depois v\u00e1 descendo. Isto ajud\u00e1-lo-\u00e1 a manter-se produtivo e a atingir os seus objectivos.<br\/><\/li>\n\n\n\n<li><strong>Sa\u00fade: A hidrata\u00e7\u00e3o \u00e9 fundamental<\/strong><br\/>Beber muita \u00e1gua ao longo do dia. Uma hidrata\u00e7\u00e3o suficiente n\u00e3o s\u00f3 apoia a sua sa\u00fade geral, como tamb\u00e9m pode melhorar os seus n\u00edveis de energia e concentra\u00e7\u00e3o.<br\/><\/li>\n\n\n\n<li><strong>Finan\u00e7as: elabora\u00e7\u00e3o do or\u00e7amento<\/strong><br\/>Fa\u00e7a um or\u00e7amento e cumpra-o. Isto ajud\u00e1-lo-\u00e1 a atingir os seus objectivos financeiros e a ter consci\u00eancia das suas despesas.<br\/><\/li>\n\n\n\n<li><strong>Desenvolvimento pessoal: ler todos os dias<\/strong><br\/>A leitura alarga os horizontes e amplia os conhecimentos. Tente reservar algum tempo todos os dias para ler, seja livros, artigos ou not\u00edcias.<br\/><\/li>\n\n\n\n<li><strong>Criatividade: quebrar a rotina<\/strong><br\/>Se estiver preso num impasse criativo, mude o seu ambiente. V\u00e1 para a rua, fa\u00e7a um percurso diferente para o trabalho ou experimente algo novo. Quebrar rotinas pode estimular a sua criatividade.<br\/><\/li>\n\n\n\n<li><strong>Rela\u00e7\u00f5es: Ouvir ativamente<\/strong><br\/>Durante as conversas com os outros, dedique algum tempo a ouvir verdadeiramente. Mostre interesse no que eles dizem e fa\u00e7a perguntas de seguimento. Isto refor\u00e7a as rela\u00e7\u00f5es e cria uma compreens\u00e3o mais profunda.<br\/><\/li>\n\n\n\n<li><strong>Sustentabilidade: Reduzir, reutilizar, reciclar<\/strong><br\/>Contribua para um planeta mais sustent\u00e1vel, consumindo de forma consciente. Pense no impacto das suas escolhas no ambiente e encontre formas de reduzir os res\u00edduos.<br\/><\/li>\n\n\n\n<li><strong>Mindfulness: exerc\u00edcios de respira\u00e7\u00e3o<\/strong><br\/>Respire fundo regularmente e concentre-se na sua respira\u00e7\u00e3o. Isto pode reduzir o stress e ajud\u00e1-lo a manter-se no momento.<br\/><\/li>\n\n\n\n<li><strong>Carreira: O trabalho em rede \u00e9 fundamental<\/strong><br\/>Invista na sua rede profissional. Estabelecer rela\u00e7\u00f5es com colegas, mentores e outras pessoas no seu dom\u00ednio. O trabalho em rede pode abrir portas para novas oportunidades e crescimento.<br\/><\/li>\n\n\n\n<li><strong>Felicidade: expressar gratid\u00e3o<\/strong><br\/>Reserve um momento todos os dias para refletir sobre aquilo por que est\u00e1 grato. Expressar gratid\u00e3o pode melhorar o seu bem-estar mental e promover uma mentalidade positiva.<\/li>\n<\/ol>\n\n<p>Experimente incorporar estas dicas no seu dia a dia e descubra quais s\u00e3o as que melhor se adequam a si!<\/p>\n","protected":false},"excerpt":{"rendered":"<p>Aqui est\u00e3o algumas dicas interessantes sobre v\u00e1rios t\u00f3picos (actualizamos esta lista regularmente) Experimente incorporar estas dicas no seu dia a dia e descubra quais s\u00e3o as que melhor se adequam a si!<\/p>\n","protected":false},"author":1,"featured_media":0,"parent":0,"menu_order":0,"comment_status":"closed","ping_status":"closed","template":"","meta":{"footnotes":""},"class_list":["post-1448","page","type-page","status-publish"],"_links":{"self":[{"href":"https:\/\/time-for-a-blog.com\/pt-pt\/wp-json\/wp\/v2\/pages\/1448","targetHints":{"allow":["GET"]}}],"collection":[{"href":"https:\/\/time-for-a-blog.com\/pt-pt\/wp-json\/wp\/v2\/pages"}],"about":[{"href":"https:\/\/time-for-a-blog.com\/pt-pt\/wp-json\/wp\/v2\/types\/page"}],"author":[{"embeddable":true,"href":"https:\/\/time-for-a-blog.com\/pt-pt\/wp-json\/wp\/v2\/users\/1"}],"replies":[{"embeddable":true,"href":"https:\/\/time-for-a-blog.com\/pt-pt\/wp-json\/wp\/v2\/comments?post=1448"}],"version-history":[{"count":1,"href":"https:\/\/time-for-a-blog.com\/pt-pt\/wp-json\/wp\/v2\/pages\/1448\/revisions"}],"predecessor-version":[{"id":7175,"href":"https:\/\/time-for-a-blog.com\/pt-pt\/wp-json\/wp\/v2\/pages\/1448\/revisions\/7175"}],"wp:attachment":[{"href":"https:\/\/time-for-a-blog.com\/pt-pt\/wp-json\/wp\/v2\/media?parent=1448"}],"curies":[{"name":"wp","href":"https:\/\/api.w.org\/{rel}","templated":true}]}}