{"id":1439,"date":"2025-12-19T08:46:32","date_gmt":"2025-12-19T07:46:32","guid":{"rendered":"https:\/\/time-for-a-blog.com\/publicidade\/"},"modified":"2024-04-16T10:49:28","modified_gmt":"2024-04-16T09:49:28","slug":"publicidade","status":"publish","type":"page","link":"https:\/\/time-for-a-blog.com\/pt-pt\/publicidade\/","title":{"rendered":"Publicidade"},"content":{"rendered":"\r\n<p>Gostaria de anunciar num dos melhores blogues da Europa? Quase todos os dias, a nossa equipa de bloggers partilha a sua inspira\u00e7\u00e3o e informa\u00e7\u00e3o no time-for-a-blog.eu. O nosso s\u00edtio Web est\u00e1 bem classificado no Google e, por isso, ganh\u00e1mos uma boa confian\u00e7a.<\/p>\r\n\r\n\r\n\r\n<h2 class=\"wp-block-heading\">Colocar texto<\/h2>\r\n\r\n\r\n\r\n<p>Pode fornecer-nos um texto que possamos colocar no s\u00edtio Web. Esta mensagem ficar\u00e1 permanentemente no s\u00edtio Web.<\/p>\r\n\r\n\r\n\r\n<p>&nbsp;<\/p>\r\n\r\n\r\n\r\n<ul class=\"wp-block-list\">\r\n<li>As fotografias enviadas devem estar isentas de direitos ou de provas de que s\u00e3o da sua autoria.<\/li>\r\n\r\n\r\n\r\n<li>Sem letras demasiado comerciais.<\/li>\r\n\r\n\r\n\r\n<li>Um artigo completamente \u00fanico;<\/li>\r\n\r\n\r\n\r\n<li>De prefer\u00eancia com t\u00edtulos e\/ou marcadores no texto<\/li>\r\n\r\n\r\n\r\n<li>M\u00e1ximo de 2 liga\u00e7\u00f5es de sa\u00edda para um s\u00edtio Web (podem ser do follow).<\/li>\r\n\r\n\r\n\r\n<li>Os artigos devem ter, no m\u00ednimo, 400 palavras;<\/li>\r\n<\/ul>\r\n\r\n\r\n\r\n<p>Se estiver interessado, contacte-nos para discutir as possibilidades.<\/p>\r\n\r\n\r\n\r\n<h2 class=\"wp-block-heading\">Bannering<\/h2>\r\n\r\n\r\n\r\n<p>\u00c9 poss\u00edvel colocar um banner (ser\u00e1 colocado em todas as p\u00e1ginas\/mensagens). Uma vez que somos um s\u00edtio Web multilingue, isto tamb\u00e9m pode ser feito em v\u00e1rias l\u00ednguas.<\/p>\r\n\r\n\r\n\r\n<h2 class=\"wp-block-heading\">Colabora\u00e7\u00e3o<\/h2>\r\n\r\n\r\n\r\n<p>Gostaria de colaborar connosco de outra forma criativa? N\u00e3o hesite em <a href=\"https:\/\/time-for-a-blog.com\/pt-pt\/contacto\/\" target=\"_blank\" rel=\"noreferrer noopener nofollow\">contactar-nos<\/a>!<\/p>\r\n","protected":false},"excerpt":{"rendered":"<p>Gostaria de anunciar num dos melhores blogues da Europa? Quase todos os dias, a nossa equipa de bloggers partilha a sua inspira\u00e7\u00e3o e informa\u00e7\u00e3o no time-for-a-blog.eu. O nosso s\u00edtio Web est\u00e1 bem classificado no Google e, por isso, ganh\u00e1mos uma boa confian\u00e7a. Colocar texto Pode fornecer-nos um texto que possamos colocar no s\u00edtio Web. Esta [&hellip;]<\/p>\n","protected":false},"author":1,"featured_media":0,"parent":0,"menu_order":0,"comment_status":"closed","ping_status":"closed","template":"","meta":{"footnotes":""},"class_list":["post-1439","page","type-page","status-publish"],"_links":{"self":[{"href":"https:\/\/time-for-a-blog.com\/pt-pt\/wp-json\/wp\/v2\/pages\/1439","targetHints":{"allow":["GET"]}}],"collection":[{"href":"https:\/\/time-for-a-blog.com\/pt-pt\/wp-json\/wp\/v2\/pages"}],"about":[{"href":"https:\/\/time-for-a-blog.com\/pt-pt\/wp-json\/wp\/v2\/types\/page"}],"author":[{"embeddable":true,"href":"https:\/\/time-for-a-blog.com\/pt-pt\/wp-json\/wp\/v2\/users\/1"}],"replies":[{"embeddable":true,"href":"https:\/\/time-for-a-blog.com\/pt-pt\/wp-json\/wp\/v2\/comments?post=1439"}],"version-history":[{"count":3,"href":"https:\/\/time-for-a-blog.com\/pt-pt\/wp-json\/wp\/v2\/pages\/1439\/revisions"}],"predecessor-version":[{"id":9837,"href":"https:\/\/time-for-a-blog.com\/pt-pt\/wp-json\/wp\/v2\/pages\/1439\/revisions\/9837"}],"wp:attachment":[{"href":"https:\/\/time-for-a-blog.com\/pt-pt\/wp-json\/wp\/v2\/media?parent=1439"}],"curies":[{"name":"wp","href":"https:\/\/api.w.org\/{rel}","templated":true}]}}