{"id":1498,"date":"2025-12-23T09:05:52","date_gmt":"2025-12-23T08:05:52","guid":{"rendered":"https:\/\/time-for-a-blog.com\/a-propos-de-nous\/"},"modified":"2024-02-27T13:40:32","modified_gmt":"2024-02-27T12:40:32","slug":"a-propos-de-nous","status":"publish","type":"page","link":"https:\/\/time-for-a-blog.com\/fr\/a-propos-de-nous\/","title":{"rendered":"A propos de nous"},"content":{"rendered":"\n<p>Chaque semaine, notre \u00e9quipe s&rsquo;efforce de publier de nouveaux articles int\u00e9ressants dans diverses cat\u00e9gories.  <\/p>\n\n<p>Nous disposons d&rsquo;une \u00e9quipe multilingue, chacun ayant sa sp\u00e9cialit\u00e9.<\/p>\n\n<p>Contactez-nous via le <a href=\"https:\/\/time-for-a-blog.com\/fr\/contact\/\">formulaire de contact<\/a> si vous avez des questions sur notre site web ou si vous souhaitez faire de la publicit\u00e9 ou rejoindre notre \u00e9quipe pour \u00e9crire.<\/p>\n","protected":false},"excerpt":{"rendered":"<p>Chaque semaine, notre \u00e9quipe s&rsquo;efforce de publier de nouveaux articles int\u00e9ressants dans diverses cat\u00e9gories. Nous disposons d&rsquo;une \u00e9quipe multilingue, chacun ayant sa sp\u00e9cialit\u00e9. Contactez-nous via le formulaire de contact si vous avez des questions sur notre site web ou si vous souhaitez faire de la publicit\u00e9 ou rejoindre notre \u00e9quipe pour \u00e9crire.<\/p>\n","protected":false},"author":1,"featured_media":0,"parent":0,"menu_order":0,"comment_status":"closed","ping_status":"closed","template":"","meta":{"footnotes":""},"class_list":["post-1498","page","type-page","status-publish"],"_links":{"self":[{"href":"https:\/\/time-for-a-blog.com\/fr\/wp-json\/wp\/v2\/pages\/1498","targetHints":{"allow":["GET"]}}],"collection":[{"href":"https:\/\/time-for-a-blog.com\/fr\/wp-json\/wp\/v2\/pages"}],"about":[{"href":"https:\/\/time-for-a-blog.com\/fr\/wp-json\/wp\/v2\/types\/page"}],"author":[{"embeddable":true,"href":"https:\/\/time-for-a-blog.com\/fr\/wp-json\/wp\/v2\/users\/1"}],"replies":[{"embeddable":true,"href":"https:\/\/time-for-a-blog.com\/fr\/wp-json\/wp\/v2\/comments?post=1498"}],"version-history":[{"count":1,"href":"https:\/\/time-for-a-blog.com\/fr\/wp-json\/wp\/v2\/pages\/1498\/revisions"}],"predecessor-version":[{"id":7116,"href":"https:\/\/time-for-a-blog.com\/fr\/wp-json\/wp\/v2\/pages\/1498\/revisions\/7116"}],"wp:attachment":[{"href":"https:\/\/time-for-a-blog.com\/fr\/wp-json\/wp\/v2\/media?parent=1498"}],"curies":[{"name":"wp","href":"https:\/\/api.w.org\/{rel}","templated":true}]}}