{"id":1450,"date":"2025-12-19T09:11:24","date_gmt":"2025-12-19T08:11:24","guid":{"rendered":"https:\/\/time-for-a-blog.com\/conseils\/"},"modified":"2024-02-27T13:42:13","modified_gmt":"2024-02-27T12:42:13","slug":"conseils","status":"publish","type":"page","link":"https:\/\/time-for-a-blog.com\/fr\/conseils\/","title":{"rendered":"Conseils"},"content":{"rendered":"\n<p>Voici quelques conseils int\u00e9ressants sur divers sujets (nous mettons cette liste \u00e0 jour r\u00e9guli\u00e8rement)<\/p>\n\n<ol class=\"wp-block-list\">\n<li><strong>Productivit\u00e9 : \u00e9tablir des priorit\u00e9s<\/strong><br\/>Commencez votre journ\u00e9e en dressant une liste des t\u00e2ches les plus importantes que vous devez accomplir. Concentrez-vous d&rsquo;abord sur les t\u00e2ches les plus prioritaires, puis descendez dans la hi\u00e9rarchie. Cela vous aidera \u00e0 rester productif et \u00e0 atteindre vos objectifs.<br\/><\/li>\n\n\n\n<li><strong>Sant\u00e9 : l&rsquo;hydratation est essentielle<\/strong><br\/>Buvez beaucoup d&rsquo;eau tout au long de la journ\u00e9e. Une hydratation suffisante n&rsquo;est pas seulement b\u00e9n\u00e9fique pour votre sant\u00e9 g\u00e9n\u00e9rale, elle peut \u00e9galement am\u00e9liorer votre niveau d&rsquo;\u00e9nergie et votre concentration.<br\/><\/li>\n\n\n\n<li><strong>Finances : budg\u00e9tisation<\/strong><br\/>\u00c9tablissez un budget et respectez-le. Cela vous aidera \u00e0 atteindre vos objectifs financiers et vous permettra d&rsquo;\u00eatre conscient de vos d\u00e9penses.<br\/><\/li>\n\n\n\n<li><strong>D\u00e9veloppement personnel : lire tous les jours<\/strong><br\/>La lecture permet d&rsquo;\u00e9largir ses horizons et d&rsquo;accro\u00eetre ses connaissances. Essayez de consacrer un peu de temps chaque jour \u00e0 la lecture, qu&rsquo;il s&rsquo;agisse de livres, d&rsquo;articles ou de nouvelles.<br\/><\/li>\n\n\n\n<li><strong>Cr\u00e9ativit\u00e9 : rompre la routine<\/strong><br\/>Si vous \u00eates dans une impasse cr\u00e9ative, changez d&rsquo;environnement. Sortez, prenez un autre chemin pour vous rendre au travail ou essayez quelque chose de nouveau. Briser la routine peut stimuler votre cr\u00e9ativit\u00e9.<br\/><\/li>\n\n\n\n<li><strong>Les relations : \u00c9couter activement<\/strong><br\/>Lors de conversations avec d&rsquo;autres personnes, prenez le temps d&rsquo;\u00e9couter vraiment. Montrez de l&rsquo;int\u00e9r\u00eat pour ce qu&rsquo;ils disent et posez des questions compl\u00e9mentaires. Cela permet de renforcer les relations et d&rsquo;approfondir la compr\u00e9hension.<br\/><\/li>\n\n\n\n<li><strong>D\u00e9veloppement durable : r\u00e9duire, r\u00e9utiliser, recycler<\/strong><br\/>Contribuez \u00e0 une plan\u00e8te plus durable en consommant de mani\u00e8re consciente. R\u00e9fl\u00e9chissez \u00e0 l&rsquo;impact de vos choix sur l&rsquo;environnement et trouvez des moyens de r\u00e9duire les d\u00e9chets.<br\/><\/li>\n\n\n\n<li><strong>Pleine conscience : exercices de respiration<\/strong><br\/>Prenez r\u00e9guli\u00e8rement le temps de respirer profond\u00e9ment et de vous concentrer sur votre respiration. Cela peut r\u00e9duire le stress et vous aider \u00e0 rester dans le moment pr\u00e9sent.<br\/><\/li>\n\n\n\n<li><strong>Carri\u00e8re : le travail en r\u00e9seau est essentiel<\/strong><br\/>Investissez dans votre r\u00e9seau professionnel. Nouer des relations avec des coll\u00e8gues, des mentors et d&rsquo;autres personnes dans votre domaine. Le travail en r\u00e9seau peut ouvrir la voie \u00e0 de nouvelles opportunit\u00e9s et \u00e0 la croissance.<br\/><\/li>\n\n\n\n<li><strong>Bonheur : exprimer sa gratitude<\/strong><br\/>Prenez chaque jour un moment pour r\u00e9fl\u00e9chir \u00e0 ce dont vous \u00eates reconnaissant. Exprimer de la gratitude peut am\u00e9liorer votre bien-\u00eatre mental et favoriser un \u00e9tat d&rsquo;esprit positif.<\/li>\n<\/ol>\n\n<p>Essayez d&rsquo;int\u00e9grer ces conseils dans votre vie quotidienne et d\u00e9couvrez ceux qui vous conviennent le mieux !<\/p>\n","protected":false},"excerpt":{"rendered":"<p>Voici quelques conseils int\u00e9ressants sur divers sujets (nous mettons cette liste \u00e0 jour r\u00e9guli\u00e8rement) Essayez d&rsquo;int\u00e9grer ces conseils dans votre vie quotidienne et d\u00e9couvrez ceux qui vous conviennent le mieux !<\/p>\n","protected":false},"author":1,"featured_media":0,"parent":0,"menu_order":0,"comment_status":"closed","ping_status":"closed","template":"","meta":{"footnotes":""},"class_list":["post-1450","page","type-page","status-publish"],"_links":{"self":[{"href":"https:\/\/time-for-a-blog.com\/fr\/wp-json\/wp\/v2\/pages\/1450","targetHints":{"allow":["GET"]}}],"collection":[{"href":"https:\/\/time-for-a-blog.com\/fr\/wp-json\/wp\/v2\/pages"}],"about":[{"href":"https:\/\/time-for-a-blog.com\/fr\/wp-json\/wp\/v2\/types\/page"}],"author":[{"embeddable":true,"href":"https:\/\/time-for-a-blog.com\/fr\/wp-json\/wp\/v2\/users\/1"}],"replies":[{"embeddable":true,"href":"https:\/\/time-for-a-blog.com\/fr\/wp-json\/wp\/v2\/comments?post=1450"}],"version-history":[{"count":1,"href":"https:\/\/time-for-a-blog.com\/fr\/wp-json\/wp\/v2\/pages\/1450\/revisions"}],"predecessor-version":[{"id":7180,"href":"https:\/\/time-for-a-blog.com\/fr\/wp-json\/wp\/v2\/pages\/1450\/revisions\/7180"}],"wp:attachment":[{"href":"https:\/\/time-for-a-blog.com\/fr\/wp-json\/wp\/v2\/media?parent=1450"}],"curies":[{"name":"wp","href":"https:\/\/api.w.org\/{rel}","templated":true}]}}