{"id":1456,"date":"2025-12-19T09:11:24","date_gmt":"2025-12-19T08:11:24","guid":{"rendered":"https:\/\/time-for-a-blog.com\/consejos\/"},"modified":"2024-02-27T13:42:13","modified_gmt":"2024-02-27T12:42:13","slug":"consejos","status":"publish","type":"page","link":"https:\/\/time-for-a-blog.com\/es\/consejos\/","title":{"rendered":"Consejos"},"content":{"rendered":"\n<p>He aqu\u00ed algunos consejos interesantes sobre diversos temas (actualizamos esta lista peri\u00f3dicamente)<\/p>\n\n<ol class=\"wp-block-list\">\n<li><strong>Productividad: establecer prioridades<\/strong><br\/>Empiece el d\u00eda haciendo una lista de las tareas m\u00e1s importantes que debe realizar. C\u00e9ntrese primero en las tareas m\u00e1s prioritarias y luego vaya descendiendo. Esto le ayudar\u00e1 a seguir siendo productivo y a alcanzar sus objetivos.<br\/><\/li>\n\n\n\n<li><strong>Salud: la hidrataci\u00f3n es clave<\/strong><br\/>Beba mucha agua a lo largo del d\u00eda. Una hidrataci\u00f3n suficiente no s\u00f3lo favorece su salud general, sino que tambi\u00e9n puede mejorar sus niveles de energ\u00eda y concentraci\u00f3n.<br\/><\/li>\n\n\n\n<li><strong>Finanzas: elaboraci\u00f3n de presupuestos<\/strong><br\/>Haz un presupuesto y c\u00ed\u00f1ete a \u00e9l. Esto le ayudar\u00e1 a alcanzar sus objetivos financieros y a ser consciente de sus gastos.<br\/><\/li>\n\n\n\n<li><strong>Desarrollo personal: leer todos los d\u00edas<\/strong><br\/>Leer ampl\u00eda tus horizontes y aumenta tus conocimientos. Intenta dedicar un rato al d\u00eda a leer, ya sean libros, art\u00edculos o noticias.<br\/><\/li>\n\n\n\n<li><strong>Creatividad: romper la rutina<\/strong><br\/>Si te encuentras en un callej\u00f3n sin salida creativo, cambia de entorno. Salga a la calle, tome un camino diferente para ir al trabajo o pruebe algo nuevo. Romper las rutinas puede potenciar tu creatividad.<br\/><\/li>\n\n\n\n<li><strong>Las relaciones: Escuchar activamente<\/strong><br\/>Durante las conversaciones con los dem\u00e1s, t\u00f3mate tiempo para escuchar de verdad. Muestra inter\u00e9s por lo que dicen y haz preguntas de seguimiento. As\u00ed se fortalecen las relaciones y se construye un entendimiento m\u00e1s profundo.<br\/><\/li>\n\n\n\n<li><strong>Sostenibilidad: reducir, reutilizar, reciclar<\/strong><br\/>Contribuya a un planeta m\u00e1s sostenible consumiendo de forma consciente. Piensa en el impacto de tus decisiones sobre el medio ambiente y busca formas de reducir los residuos.<br\/><\/li>\n\n\n\n<li><strong>Mindfulness: ejercicios de respiraci\u00f3n<\/strong><br\/>T\u00f3mate tu tiempo para respirar hondo y concentrarte en tu respiraci\u00f3n. Esto puede reducir el estr\u00e9s y ayudarle a permanecer en el momento.<br\/><\/li>\n\n\n\n<li><strong>Carrera profesional: la creaci\u00f3n de redes es crucial<\/strong><br\/>Invierte en tu red profesional. Establezca relaciones con colegas, mentores y otras personas de su campo. La creaci\u00f3n de redes puede abrir puertas a nuevas oportunidades y al crecimiento.<br\/><\/li>\n\n\n\n<li><strong>Felicidad: expresar gratitud<\/strong><br\/>T\u00f3mate un momento cada d\u00eda para reflexionar sobre aquello por lo que est\u00e1s agradecido. Expresar gratitud puede mejorar su bienestar mental y fomentar una mentalidad positiva.<\/li>\n<\/ol>\n\n<p>Pruebe a incorporar estos consejos a su vida diaria y descubra cu\u00e1les le convienen m\u00e1s.<\/p>\n","protected":false},"excerpt":{"rendered":"<p>He aqu\u00ed algunos consejos interesantes sobre diversos temas (actualizamos esta lista peri\u00f3dicamente) Pruebe a incorporar estos consejos a su vida diaria y descubra cu\u00e1les le convienen m\u00e1s.<\/p>\n","protected":false},"author":1,"featured_media":0,"parent":0,"menu_order":0,"comment_status":"closed","ping_status":"closed","template":"","meta":{"footnotes":""},"class_list":["post-1456","page","type-page","status-publish"],"_links":{"self":[{"href":"https:\/\/time-for-a-blog.com\/es\/wp-json\/wp\/v2\/pages\/1456","targetHints":{"allow":["GET"]}}],"collection":[{"href":"https:\/\/time-for-a-blog.com\/es\/wp-json\/wp\/v2\/pages"}],"about":[{"href":"https:\/\/time-for-a-blog.com\/es\/wp-json\/wp\/v2\/types\/page"}],"author":[{"embeddable":true,"href":"https:\/\/time-for-a-blog.com\/es\/wp-json\/wp\/v2\/users\/1"}],"replies":[{"embeddable":true,"href":"https:\/\/time-for-a-blog.com\/es\/wp-json\/wp\/v2\/comments?post=1456"}],"version-history":[{"count":1,"href":"https:\/\/time-for-a-blog.com\/es\/wp-json\/wp\/v2\/pages\/1456\/revisions"}],"predecessor-version":[{"id":7178,"href":"https:\/\/time-for-a-blog.com\/es\/wp-json\/wp\/v2\/pages\/1456\/revisions\/7178"}],"wp:attachment":[{"href":"https:\/\/time-for-a-blog.com\/es\/wp-json\/wp\/v2\/media?parent=1456"}],"curies":[{"name":"wp","href":"https:\/\/api.w.org\/{rel}","templated":true}]}}