{"id":7305,"date":"2025-12-19T09:05:52","date_gmt":"2025-12-19T08:05:52","guid":{"rendered":"https:\/\/time-for-a-blog.com\/uber-uns\/"},"modified":"2024-02-27T13:40:33","modified_gmt":"2024-02-27T12:40:33","slug":"uber-uns","status":"publish","type":"page","link":"https:\/\/time-for-a-blog.com\/de-at\/uber-uns\/","title":{"rendered":"\u00dcber uns"},"content":{"rendered":"\n<p>Jede Woche versuchen wir, neue interessante Beitr\u00e4ge mit unserem Team in verschiedenen Kategorien zu ver\u00f6ffentlichen.  <\/p>\n\n<p>Wir haben ein mehrsprachiges Team, jeder mit seiner Spezialisierung.<\/p>\n\n<p>Bitte setzen Sie sich mit uns \u00fcber das <a href=\"https:\/\/time-for-a-blog.com\/contact\/\">Kontaktformular<\/a> in Verbindung, wenn Sie Fragen zu unserer Website haben, Werbung schalten oder unserem Team beitreten m\u00f6chten, um zu schreiben.<\/p>\n","protected":false},"excerpt":{"rendered":"<p>Jede Woche versuchen wir, neue interessante Beitr\u00e4ge mit unserem Team in verschiedenen Kategorien zu ver\u00f6ffentlichen. Wir haben ein mehrsprachiges Team, jeder mit seiner Spezialisierung. Bitte setzen Sie sich mit uns \u00fcber das Kontaktformular in Verbindung, wenn Sie Fragen zu unserer Website haben, Werbung schalten oder unserem Team beitreten m\u00f6chten, um zu schreiben.<\/p>\n","protected":false},"author":1,"featured_media":0,"parent":0,"menu_order":0,"comment_status":"closed","ping_status":"closed","template":"","meta":{"footnotes":""},"class_list":["post-7305","page","type-page","status-publish"],"_links":{"self":[{"href":"https:\/\/time-for-a-blog.com\/de-at\/wp-json\/wp\/v2\/pages\/7305","targetHints":{"allow":["GET"]}}],"collection":[{"href":"https:\/\/time-for-a-blog.com\/de-at\/wp-json\/wp\/v2\/pages"}],"about":[{"href":"https:\/\/time-for-a-blog.com\/de-at\/wp-json\/wp\/v2\/types\/page"}],"author":[{"embeddable":true,"href":"https:\/\/time-for-a-blog.com\/de-at\/wp-json\/wp\/v2\/users\/1"}],"replies":[{"embeddable":true,"href":"https:\/\/time-for-a-blog.com\/de-at\/wp-json\/wp\/v2\/comments?post=7305"}],"version-history":[{"count":1,"href":"https:\/\/time-for-a-blog.com\/de-at\/wp-json\/wp\/v2\/pages\/7305\/revisions"}],"predecessor-version":[{"id":7307,"href":"https:\/\/time-for-a-blog.com\/de-at\/wp-json\/wp\/v2\/pages\/7305\/revisions\/7307"}],"wp:attachment":[{"href":"https:\/\/time-for-a-blog.com\/de-at\/wp-json\/wp\/v2\/media?parent=7305"}],"curies":[{"name":"wp","href":"https:\/\/api.w.org\/{rel}","templated":true}]}}